{"id":2372,"date":"2016-06-18T11:56:43","date_gmt":"2016-06-18T08:56:43","guid":{"rendered":"http:\/\/besttasimacilik.com.tr\/?page_id=2372"},"modified":"2016-06-18T11:56:43","modified_gmt":"2016-06-18T08:56:43","slug":"depolama","status":"publish","type":"page","link":"https:\/\/besttasimacilik.com.tr\/?page_id=2372","title":{"rendered":"Depolama"},"content":{"rendered":"<div>\n<h2 style=\"text-align: center;\">Depolama<\/h2>\n<div>\n<p style=\"text-align: center;\">Bu alanda m\u00fc\u015fteri depolama ihtiya\u00e7lar\u0131n\u0131n analizinden sonra en verimli bi\u00e7imde operasyon organizasyonu yap\u0131lmaktad\u0131r. M\u00fc\u015fterinin kendi deposunda veya kendi depomuzda depolama y\u00f6netimi ya da projeye \u00f6zel depo olu\u015fturma alternatifleriyle m\u00fc\u015fteriye \u00e7e\u015fitli olanaklar sunulmaktad\u0131r.<\/p>\n<p style=\"text-align: center;\">Depo Y\u00f6netimi \u00c7\u00f6z\u00fcmleri<\/p>\n<p style=\"text-align: center;\">\u00d6ncelikli olarak depolaman\u0131n yap\u0131laca\u011f\u0131 b\u00f6lge belirlenir. Deponun yerinin belirlenmesinden sonraki a\u015fama ise dizayn\u0131n\u0131n olu\u015fturulmas\u0131 ve kurulumunun sa\u011flanmas\u0131d\u0131r. Bu a\u015famadan sonra sistemin olu\u015fturulmas\u0131na y\u00f6nelik \u00e7al\u0131\u015fmalar ba\u015flat\u0131l\u0131r. \u00dcr\u00fcn kabul ve stok giri\u015finin geli\u015ftirilmesi, sevk emirlerinin al\u0131nmas\u0131 ve analiz edilmesi ile m\u00fc\u015fteri ad\u0131na irsaliye ve faturan\u0131n d\u00fczenlenmesi, stoktan d\u00fc\u015f\u00fc\u015f\u00fcn yap\u0131lmas\u0131 ve stok seviyesinin geli\u015ftirilen \u00f6zel raporlar ile m\u00fc\u015fterinin bilgisine sunulmas\u0131 gibi sistematik \u00e7al\u0131\u015fmalar y\u00fcr\u00fct\u00fcl\u00fcr. Bu \u00e7al\u0131\u015fmalar i\u00e7erisinde paketleme, elle\u00e7leme, \u015firinkleme ve y\u00fckleme\/bo\u015faltmalar i\u00e7in \u00fcr\u00fcn\u00fcn t\u00fcr\u00fcne g\u00f6re operasyona \u00f6zel makineler kullan\u0131lmakta ve uygulamalar geli\u015ftirilebilmektedir. B\u00fct\u00fcn bu \u00e7al\u0131\u015fmalar ile m\u00fc\u015fteri \u00fcr\u00fcnlerinin g\u00fcvenli\u011finin sa\u011flanmas\u0131 yan\u0131nda, m\u00fc\u015fteriye outsource edebilme imkan\u0131 da sa\u011flanmaktad\u0131r.<\/p>\n<p style=\"text-align: center;\">Reysa\u015f, sundu\u011fu depolama hizmetlerinde operasyon i\u00e7in gerekli olan forklift, reachtruck, stacker, orderpicker ve elektrikli transpaletlerin yan\u0131s\u0131ra barkod ve RF (ak\u0131ll\u0131 elle toplama cihaz\u0131) sistemleri, bilgisayar kontroll\u00fc uygulamalar ve en son teknolojik yenilikleri de kullanmaktad\u0131r.<\/p>\n<p style=\"text-align: center;\">Depolama Faaliyetinin Outsource Edilmesinin Getirece\u011fi Faydalar<\/p>\n<p style=\"text-align: center;\">Ana i\u015finize odaklan\u0131rs\u0131n\u0131z,<br \/>\nEnvanter seviyesinde d\u00fc\u015f\u00fc\u015f sa\u011flars\u0131n\u0131z,<br \/>\nEtkin envanter y\u00f6netimi sayesinde y\u00fcksek d\u00f6n\u00fc\u015f h\u0131z\u0131 elde edersiniz,<br \/>\nDepo idari y\u00f6netim giderlerinde d\u00fc\u015f\u00fc\u015f sa\u011flars\u0131n\u0131z,<br \/>\nG\u00fcvenlik standartlar\u0131n\u0131z\u0131 y\u00fckseltir ve riski azalt\u0131rs\u0131n\u0131z,<br \/>\nYat\u0131r\u0131m maliyetlerinden kurtulursunuz,<br \/>\nM\u00fc\u015fteri taleplerini, yeni teknolojik geli\u015fmeler sayesinde daha rahat kar\u015f\u0131lars\u0131n\u0131z.<\/p>\n<\/div>\n<\/div>\n","protected":false},"excerpt":{"rendered":"<p>Depolama Bu alanda m\u00fc\u015fteri depolama ihtiya\u00e7lar\u0131n\u0131n analizinden sonra en verimli bi\u00e7imde operasyon organizasyonu yap\u0131lmaktad\u0131r. M\u00fc\u015fterinin kendi deposunda veya kendi depomuzda depolama y\u00f6netimi ya da projeye \u00f6zel<span class=\"excerpt-hellip\"> [\u2026]<\/span><\/p>\n","protected":false},"author":1,"featured_media":0,"parent":0,"menu_order":0,"comment_status":"closed","ping_status":"closed","template":"","meta":[],"_links":{"self":[{"href":"https:\/\/besttasimacilik.com.tr\/index.php?rest_route=\/wp\/v2\/pages\/2372"}],"collection":[{"href":"https:\/\/besttasimacilik.com.tr\/index.php?rest_route=\/wp\/v2\/pages"}],"about":[{"href":"https:\/\/besttasimacilik.com.tr\/index.php?rest_route=\/wp\/v2\/types\/page"}],"author":[{"embeddable":true,"href":"https:\/\/besttasimacilik.com.tr\/index.php?rest_route=\/wp\/v2\/users\/1"}],"replies":[{"embeddable":true,"href":"https:\/\/besttasimacilik.com.tr\/index.php?rest_route=%2Fwp%2Fv2%2Fcomments&post=2372"}],"version-history":[{"count":1,"href":"https:\/\/besttasimacilik.com.tr\/index.php?rest_route=\/wp\/v2\/pages\/2372\/revisions"}],"predecessor-version":[{"id":2373,"href":"https:\/\/besttasimacilik.com.tr\/index.php?rest_route=\/wp\/v2\/pages\/2372\/revisions\/2373"}],"wp:attachment":[{"href":"https:\/\/besttasimacilik.com.tr\/index.php?rest_route=%2Fwp%2Fv2%2Fmedia&parent=2372"}],"curies":[{"name":"wp","href":"https:\/\/api.w.org\/{rel}","templated":true}]}}