{"id":2346,"date":"2016-04-18T09:31:41","date_gmt":"2016-04-18T06:31:41","guid":{"rendered":"http:\/\/rtmuhendislik.com\/?page_id=2346"},"modified":"2016-06-18T11:55:53","modified_gmt":"2016-06-18T08:55:53","slug":"urunlerimiz","status":"publish","type":"page","link":"https:\/\/besttasimacilik.com.tr\/?page_id=2346","title":{"rendered":"Hizmetlerimiz"},"content":{"rendered":"<h2 style=\"text-align: center;\"><\/h2>\n<h2 style=\"text-align: center;\"><div class=\"idea_box\" style=\"\"><div class=\"icon\"><i class=\"icon-lamp\"><\/i><\/div><div class=\"desc\"> Yurt \u0130\u00e7i Karayolu Ta\u015f\u0131mac\u0131l\u0131\u011f\u0131<br \/>\nUluslararas\u0131 Karayolu Ta\u015f\u0131mac\u0131l\u0131\u011f\u0131<br \/>\nParsiyel Depo<br \/>\nProje Ta\u015f\u0131mac\u0131l\u0131\u011f\u0131<br \/>\nSo\u011fuk Zincir G\u0131da Lojisti\u011fi <\/div><\/div>\n<\/h2>\n","protected":false},"excerpt":{"rendered":"Yurt \u0130\u00e7i Karayolu Ta\u015f\u0131mac\u0131l\u0131\u011f\u0131 Uluslararas\u0131 Karayolu Ta\u015f\u0131mac\u0131l\u0131\u011f\u0131 Parsiyel Depo Proje Ta\u015f\u0131mac\u0131l\u0131\u011f\u0131 So\u011fuk Zincir G\u0131da Lojisti\u011fi","protected":false},"author":1,"featured_media":0,"parent":0,"menu_order":0,"comment_status":"closed","ping_status":"closed","template":"","meta":[],"_links":{"self":[{"href":"https:\/\/besttasimacilik.com.tr\/index.php?rest_route=\/wp\/v2\/pages\/2346"}],"collection":[{"href":"https:\/\/besttasimacilik.com.tr\/index.php?rest_route=\/wp\/v2\/pages"}],"about":[{"href":"https:\/\/besttasimacilik.com.tr\/index.php?rest_route=\/wp\/v2\/types\/page"}],"author":[{"embeddable":true,"href":"https:\/\/besttasimacilik.com.tr\/index.php?rest_route=\/wp\/v2\/users\/1"}],"replies":[{"embeddable":true,"href":"https:\/\/besttasimacilik.com.tr\/index.php?rest_route=%2Fwp%2Fv2%2Fcomments&post=2346"}],"version-history":[{"count":4,"href":"https:\/\/besttasimacilik.com.tr\/index.php?rest_route=\/wp\/v2\/pages\/2346\/revisions"}],"predecessor-version":[{"id":2371,"href":"https:\/\/besttasimacilik.com.tr\/index.php?rest_route=\/wp\/v2\/pages\/2346\/revisions\/2371"}],"wp:attachment":[{"href":"https:\/\/besttasimacilik.com.tr\/index.php?rest_route=%2Fwp%2Fv2%2Fmedia&parent=2346"}],"curies":[{"name":"wp","href":"https:\/\/api.w.org\/{rel}","templated":true}]}}