{"id":2280,"date":"2015-11-18T09:40:20","date_gmt":"2015-11-18T07:40:20","guid":{"rendered":"http:\/\/osseboru.com.tr\/demo\/?page_id=2280"},"modified":"2016-02-14T12:48:55","modified_gmt":"2016-02-14T10:48:55","slug":"kalite-politikamiz","status":"publish","type":"page","link":"https:\/\/besttasimacilik.com.tr\/?page_id=2280","title":{"rendered":"Kalite Politikam\u0131z"},"content":{"rendered":"<p>Reel Teknik M\u00fchendislik olarak y\u00fcr\u00fctt\u00fc\u011f\u00fcm\u00fcz t\u00fcm faaliyetlerde amac\u0131m\u0131z kalite y\u00f6netim sistemi \u00e7er\u00e7evesinde &#8220;m\u00fc\u015fteri &#8211; \u00e7al\u0131\u015fan memnuniyetini&#8221; \u00f6n planda tutarak ve kurum de\u011ferlerimize sad\u0131k kalarak i\u00e7 ve d\u0131\u015f pazarlarda rekabet g\u00fcc\u00fcn\u00fc artt\u0131rmak, her s\u00fcre\u00e7te &#8220;maliyet bilinci&#8221; ile hareket edilmesini sa\u011flamak, ilgili standartlara, teknik \u015fartlara ve \u00f6zel m\u00fc\u015fteri isteklerine uygun kaliteli \u00fcr\u00fcnler sunmakt\u0131r.<\/p>\n<p>De\u011fi\u015fen pazar ve teknoloji \u015fartlar\u0131 paralelinde yenilik ve de\u011fi\u015fimleri takip etmek, bu \u00e7er\u00e7evede kalite tak\u0131m ruh kalite bilinci ve kurumsal de\u011ferlerimizi koruyarak boru \u00fcretim sekt\u00f6r\u00fcnde tercih edilen bir firma olmak i\u00e7in s\u00fcrekli geli\u015fim g\u00f6stermektir.<\/p>\n","protected":false},"excerpt":{"rendered":"<p>Reel Teknik M\u00fchendislik olarak y\u00fcr\u00fctt\u00fc\u011f\u00fcm\u00fcz t\u00fcm faaliyetlerde amac\u0131m\u0131z kalite y\u00f6netim sistemi \u00e7er\u00e7evesinde &#8220;m\u00fc\u015fteri &#8211; \u00e7al\u0131\u015fan memnuniyetini&#8221; \u00f6n planda tutarak ve kurum de\u011ferlerimize sad\u0131k kalarak i\u00e7 ve<span class=\"excerpt-hellip\"> [\u2026]<\/span><\/p>\n","protected":false},"author":1,"featured_media":0,"parent":0,"menu_order":0,"comment_status":"closed","ping_status":"closed","template":"","meta":[],"_links":{"self":[{"href":"https:\/\/besttasimacilik.com.tr\/index.php?rest_route=\/wp\/v2\/pages\/2280"}],"collection":[{"href":"https:\/\/besttasimacilik.com.tr\/index.php?rest_route=\/wp\/v2\/pages"}],"about":[{"href":"https:\/\/besttasimacilik.com.tr\/index.php?rest_route=\/wp\/v2\/types\/page"}],"author":[{"embeddable":true,"href":"https:\/\/besttasimacilik.com.tr\/index.php?rest_route=\/wp\/v2\/users\/1"}],"replies":[{"embeddable":true,"href":"https:\/\/besttasimacilik.com.tr\/index.php?rest_route=%2Fwp%2Fv2%2Fcomments&post=2280"}],"version-history":[{"count":3,"href":"https:\/\/besttasimacilik.com.tr\/index.php?rest_route=\/wp\/v2\/pages\/2280\/revisions"}],"predecessor-version":[{"id":2327,"href":"https:\/\/besttasimacilik.com.tr\/index.php?rest_route=\/wp\/v2\/pages\/2280\/revisions\/2327"}],"wp:attachment":[{"href":"https:\/\/besttasimacilik.com.tr\/index.php?rest_route=%2Fwp%2Fv2%2Fmedia&parent=2280"}],"curies":[{"name":"wp","href":"https:\/\/api.w.org\/{rel}","templated":true}]}}