{"id":2232,"date":"2015-11-16T10:44:22","date_gmt":"2015-11-16T08:44:22","guid":{"rendered":"http:\/\/osseboru.com.tr\/demo\/?page_id=2232"},"modified":"2016-04-18T09:23:16","modified_gmt":"2016-04-18T06:23:16","slug":"kalite","status":"publish","type":"page","link":"https:\/\/besttasimacilik.com.tr\/?page_id=2232","title":{"rendered":"Kalite Kontrol"},"content":{"rendered":"<p>D\u00fcnyadaki geli\u015fmelere paralel olarak profesyonel bir yakla\u015f\u0131mla maksimum m\u00fc\u015fteri memnuniyetini daimi k\u0131lmak en \u00f6nemli amac\u0131m\u0131zd\u0131r.<\/p>\n<div>Bu do\u011frultuda, Ge\u00e7mi\u015f tecr\u00fcbemizi, geli\u015fen teknoloji ve bilgimizle birle\u015ftirerek m\u00fc\u015fteri ihtiya\u00e7 ve beklentilerini en \u00fcst d\u00fczeyde kar\u015f\u0131layaca\u011f\u0131m\u0131z\u0131, S\u00fcrekli geli\u015fme t\u00fcm Reel Teknik bireyinin katk\u0131s\u0131n\u0131 sa\u011flamak amac\u0131yla, \u00e7al\u0131\u015fanlar\u0131m\u0131z\u0131n bilin\u00e7lendirmesini, e\u011fitilmesini ve uygun \u00e7al\u0131\u015fma ortam\u0131n\u0131 sa\u011flayaca\u011f\u0131m\u0131z\u0131, \u00dcr\u00fcn kalitesini ve \u015firket karl\u0131l\u0131\u011f\u0131n\u0131 etkileyen t\u00fcm s\u00fcre\u00e7leri s\u00fcrekli olarak iyile\u015ftirmeyi, \u00dclkemizdeki toprak verimlili\u011fi ve su kaynaklar\u0131n\u0131n azald\u0131\u011f\u0131 bu s\u00fcre\u00e7te \u00fczerimize d\u00fc\u015fen bilin\u00e7li sulamaya yapt\u0131\u011f\u0131m\u0131z katk\u0131y\u0131 daimi k\u0131laca\u011f\u0131m\u0131z\u0131,<\/div>\n<div>\u015eirketimiz ve \u00dclkemiz i\u00e7in taahh\u00fct ederiz.<\/div>\n","protected":false},"excerpt":{"rendered":"<p>D\u00fcnyadaki geli\u015fmelere paralel olarak profesyonel bir yakla\u015f\u0131mla maksimum m\u00fc\u015fteri memnuniyetini daimi k\u0131lmak en \u00f6nemli amac\u0131m\u0131zd\u0131r. Bu do\u011frultuda, Ge\u00e7mi\u015f tecr\u00fcbemizi, geli\u015fen teknoloji ve bilgimizle birle\u015ftirerek m\u00fc\u015fteri ihtiya\u00e7<span class=\"excerpt-hellip\"> [\u2026]<\/span><\/p>\n","protected":false},"author":1,"featured_media":0,"parent":0,"menu_order":0,"comment_status":"closed","ping_status":"closed","template":"","meta":[],"_links":{"self":[{"href":"https:\/\/besttasimacilik.com.tr\/index.php?rest_route=\/wp\/v2\/pages\/2232"}],"collection":[{"href":"https:\/\/besttasimacilik.com.tr\/index.php?rest_route=\/wp\/v2\/pages"}],"about":[{"href":"https:\/\/besttasimacilik.com.tr\/index.php?rest_route=\/wp\/v2\/types\/page"}],"author":[{"embeddable":true,"href":"https:\/\/besttasimacilik.com.tr\/index.php?rest_route=\/wp\/v2\/users\/1"}],"replies":[{"embeddable":true,"href":"https:\/\/besttasimacilik.com.tr\/index.php?rest_route=%2Fwp%2Fv2%2Fcomments&post=2232"}],"version-history":[{"count":3,"href":"https:\/\/besttasimacilik.com.tr\/index.php?rest_route=\/wp\/v2\/pages\/2232\/revisions"}],"predecessor-version":[{"id":2343,"href":"https:\/\/besttasimacilik.com.tr\/index.php?rest_route=\/wp\/v2\/pages\/2232\/revisions\/2343"}],"wp:attachment":[{"href":"https:\/\/besttasimacilik.com.tr\/index.php?rest_route=%2Fwp%2Fv2%2Fmedia&parent=2232"}],"curies":[{"name":"wp","href":"https:\/\/api.w.org\/{rel}","templated":true}]}}